{"id":25,"date":"2019-07-04T19:49:45","date_gmt":"2019-07-04T17:49:45","guid":{"rendered":"https:\/\/blogs.musikerohnegrenzen.de\/sophialoos\/?page_id=25"},"modified":"2019-07-04T19:49:45","modified_gmt":"2019-07-04T17:49:45","slug":"ueber-mich","status":"publish","type":"page","link":"https:\/\/blogs.musikerohnegrenzen.de\/sophialoos\/ueber-mich\/","title":{"rendered":"\u00dcber mich"},"content":{"rendered":"\n<p>Ich bin Sophia, 19 Jahre alt und habe seit ein paar Monaten das Abi in der Tasche. Direkt studieren zu gehen, konnte ich mir \u00fcberhaupt nicht vorstellen. Stattdessen habe ich mich entschieden, die Zeit und Freiheit zu nutzen und f\u00fcr acht Monate nach Ecuador zu reisen.Die Organisation \u201eMusiker ohne Grenzen e.V.\u201c (kurz: MoG) entspricht genau meinen Vorstellungen&nbsp;eines Auslandaufenthaltes: Ich kann das Reisen mit meiner gr\u00f6\u00dften Leidenschaft, der Musik,&nbsp;verbinden und habe durch das Leben in meiner Gastfamilie und den engen Kontakt zu den Sch\u00fclern,&nbsp;die M\u00f6glichkeit, in eine ganz neue Kultur einzutauchen.&nbsp;F\u00fcr die kommenden Monate bin ich in Playas, Ecuador, zu Hause, wo ich in der Musikschule \u201eOla Sinf\u00f3nica\u201c Gesangs- und Klavierunterricht gebe.<\/p>\n\n\n\n<p>In diesem Blog m\u00f6chte ich \u00fcber den Alltag in meiner Gastfamilie und in der Musikschule berichten,&nbsp;aber auch \u00fcber Wochenendausfl\u00fcge und bestimmt die ein oder andere Reise, die mich noch&nbsp;erwarten wird.<\/p>\n\n\n\n<p>Der Blog bietet mir die M\u00f6glichkeit, meine Familie und Freunde in Deutschland auf dem Laufenden&nbsp;zu halten, ohne st\u00e4ndig das Gleiche erz\u00e4hlen zu m\u00fcssen \ud83d\ude09 Er richtet sich aber auch an alle zuk\u00fcnftigen MoGs und MoG-Interessierten, denen ich hier&nbsp;von meinen Eindr\u00fccken und Erlebnissen erz\u00e4hlen m\u00f6chte und sie somit hoffentlich ermutigen kann,&nbsp;auch einen musikalischen Freiwilligendienst zu leisten.<\/p>\n\n\n\n<p>In diesem Sinne w\u00fcnsche ich euch viel Spa\u00df beim Lesen!<\/p>\n","protected":false},"excerpt":{"rendered":"<p>Ich bin Sophia, 19 Jahre alt und habe seit ein paar Monaten das Abi in der Tasche. Direkt studieren zu gehen, konnte ich mir \u00fcberhaupt nicht vorstellen. Stattdessen habe ich mich entschieden, die Zeit und Freiheit zu nutzen und f\u00fcr acht Monate nach Ecuador zu reisen.Die Organisation \u201eMusiker ohne Grenzen e.V.\u201c (kurz: MoG) entspricht genau [&hellip;]<\/p>\n","protected":false},"author":45,"featured_media":0,"parent":0,"menu_order":0,"comment_status":"closed","ping_status":"closed","template":"","meta":{"ngg_post_thumbnail":0},"_links":{"self":[{"href":"https:\/\/blogs.musikerohnegrenzen.de\/sophialoos\/wp-json\/wp\/v2\/pages\/25"}],"collection":[{"href":"https:\/\/blogs.musikerohnegrenzen.de\/sophialoos\/wp-json\/wp\/v2\/pages"}],"about":[{"href":"https:\/\/blogs.musikerohnegrenzen.de\/sophialoos\/wp-json\/wp\/v2\/types\/page"}],"author":[{"embeddable":true,"href":"https:\/\/blogs.musikerohnegrenzen.de\/sophialoos\/wp-json\/wp\/v2\/users\/45"}],"replies":[{"embeddable":true,"href":"https:\/\/blogs.musikerohnegrenzen.de\/sophialoos\/wp-json\/wp\/v2\/comments?post=25"}],"version-history":[{"count":2,"href":"https:\/\/blogs.musikerohnegrenzen.de\/sophialoos\/wp-json\/wp\/v2\/pages\/25\/revisions"}],"predecessor-version":[{"id":28,"href":"https:\/\/blogs.musikerohnegrenzen.de\/sophialoos\/wp-json\/wp\/v2\/pages\/25\/revisions\/28"}],"wp:attachment":[{"href":"https:\/\/blogs.musikerohnegrenzen.de\/sophialoos\/wp-json\/wp\/v2\/media?parent=25"}],"curies":[{"name":"wp","href":"https:\/\/api.w.org\/{rel}","templated":true}]}}