{"id":100,"date":"2019-07-24T15:11:25","date_gmt":"2019-07-24T13:11:25","guid":{"rendered":"https:\/\/blogs.musikerohnegrenzen.de\/sophialoos\/?page_id=100"},"modified":"2019-07-24T15:11:25","modified_gmt":"2019-07-24T13:11:25","slug":"ueber-musiker-ohne-grenzen-e-v","status":"publish","type":"page","link":"https:\/\/blogs.musikerohnegrenzen.de\/sophialoos\/ueber-musiker-ohne-grenzen-e-v\/","title":{"rendered":"\u00dcber Musiker ohne Grenzen e.V."},"content":{"rendered":"\n<p>Musiker ohne Grenzen begr\u00fcndet ein weltweites Netzwerk kreativer Musikprojekte, um Menschen einander n\u00e4her zu bringen und ihnen unabh\u00e4ngig von ihrer Lebenssituation einen Zugang zur Musik zu erm\u00f6glichen.<br>Wir vermitteln Musiker*innen und Sachspenden, welche die Projekte in ihrer Arbeit unterst\u00fctzen.<br>Mithilfe der Musik verbessern wir die Lebenswirklichkeit in sozialen Brennpunkten: Die Musik ebnet den Weg zur Selbstverwirklichung und ist ein Medium, sich selbst auszudr\u00fccken sowie die eigene Realit\u00e4t zu artikulieren.<br>Durch die musikalische Arbeit bieten wir Alternativen zu einer kriminellen Karriere und dem sozialen Abseits.<br>Unsere Arbeit sensibilisiert alle Beteiligten stark f\u00fcr das Thema sozialer Verantwortung.<br>In diesem Prozess werden wir selbst zu Lernenden \u2013 und unsere Sch\u00fcler*innen zu Lehrer*innen.<\/p>\n\n\n\n<p>Musiker ohne Grenzen lebt durch das Engagement einer gro\u00dfen Gemeinschaft. F\u00fcr die Finanzierung ist das Projekt auf die Unterst\u00fctzung von Spenden, F\u00f6rderern und Stiftungen angewiesen.<\/p>\n\n\n\n<h2><code>VISION<\/code><\/h2>\n\n\n\n<p>Wir glauben an die Kraft der Musik. Wenn das Leben beeinflusst wird von h\u00e4uslicher Gewalt, von Korruption, von Hunger und unzureichender Sicherstellung menschlicher Grundbed\u00fcrfnisse, kann Musik ein Motor sein, eine Welt zu schaffen, in der Grundbed\u00fcrfnisse befriedigt und Lebensmut gefasst&nbsp;wird.<\/p>\n\n\n\n<p>Musik stillt zwar keinen Hunger, aber sie ist Grundnahrungsmittel f\u00fcr die Seele.<br>Musik sch\u00fctzt nicht vor Schl\u00e4gen, doch sie heilt Wunden.<br>Musik ist keine Sprache, aber jede*r kann sich durch sie ausdr\u00fccken.<br>Musik schafft keinen Weltfrieden, doch sie baut Br\u00fccken zwischen Kulturen.<\/p>\n\n\n\n<p>Kurz: Musik \u00fcberwindet Grenzen.<\/p>\n\n\n\n<p>Musiker ohne Grenzen m\u00f6chte Kindern, Jugendlichen und Erwachsenen in weltweiten Projekten das Erlernen eines Instrumentes erm\u00f6glichen und durch die Kraft der Musik sozialen Wandel ansto\u00dfen.<\/p>\n\n\n\n<h2><code>LEITBILD<\/code><\/h2>\n\n\n\n<p>Wir arbeiten auf Augenh\u00f6he und sto\u00dfen nachhaltige Entwicklungen an.<br>Wir respektieren andere Kulturen. Wir lernen von ihnen.<br>Wir bewahren und f\u00f6rdern Identit\u00e4ten.<br>Wir nehmen an.<br>Wir leben mit und bei den Sch\u00fcler*innen.<br>Wir motivieren Sch\u00fcler*innen ihrerseits zu Lehrenden zu werden.<br>Wir handeln nach dem Leitmotiv der Hochschule f\u00fcr Musik und Theater Hamburg \u201eK\u00fcnstlerische Exzellenz in gesellschaftlicher Verantwortung\u201c.<\/p>\n\n\n\n<p><\/p>\n\n\n\n<p><\/p>\n\n\n\n<figure class=\"wp-block-image\"><img loading=\"lazy\" width=\"700\" height=\"100\" src=\"https:\/\/blogs.musikerohnegrenzen.de\/sophialoos\/wp-content\/uploads\/sites\/40\/2019\/07\/Header.png\" alt=\"\" class=\"wp-image-102\" srcset=\"https:\/\/blogs.musikerohnegrenzen.de\/sophialoos\/wp-content\/uploads\/sites\/40\/2019\/07\/Header.png 700w, https:\/\/blogs.musikerohnegrenzen.de\/sophialoos\/wp-content\/uploads\/sites\/40\/2019\/07\/Header-300x43.png 300w\" sizes=\"(max-width: 700px) 100vw, 700px\" \/><\/figure>\n\n\n\n<p>[Quelle: https:\/\/musikerohnegrenzen.de\/uberuns\/vision\/]<\/p>\n","protected":false},"excerpt":{"rendered":"<p>Musiker ohne Grenzen begr\u00fcndet ein weltweites Netzwerk kreativer Musikprojekte, um Menschen einander n\u00e4her zu bringen und ihnen unabh\u00e4ngig von ihrer Lebenssituation einen Zugang zur Musik zu erm\u00f6glichen.Wir vermitteln Musiker*innen und Sachspenden, welche die Projekte in ihrer Arbeit unterst\u00fctzen.Mithilfe der Musik verbessern wir die Lebenswirklichkeit in sozialen Brennpunkten: Die Musik ebnet den Weg zur Selbstverwirklichung und [&hellip;]<\/p>\n","protected":false},"author":45,"featured_media":0,"parent":0,"menu_order":0,"comment_status":"closed","ping_status":"closed","template":"","meta":{"ngg_post_thumbnail":0},"_links":{"self":[{"href":"https:\/\/blogs.musikerohnegrenzen.de\/sophialoos\/wp-json\/wp\/v2\/pages\/100"}],"collection":[{"href":"https:\/\/blogs.musikerohnegrenzen.de\/sophialoos\/wp-json\/wp\/v2\/pages"}],"about":[{"href":"https:\/\/blogs.musikerohnegrenzen.de\/sophialoos\/wp-json\/wp\/v2\/types\/page"}],"author":[{"embeddable":true,"href":"https:\/\/blogs.musikerohnegrenzen.de\/sophialoos\/wp-json\/wp\/v2\/users\/45"}],"replies":[{"embeddable":true,"href":"https:\/\/blogs.musikerohnegrenzen.de\/sophialoos\/wp-json\/wp\/v2\/comments?post=100"}],"version-history":[{"count":4,"href":"https:\/\/blogs.musikerohnegrenzen.de\/sophialoos\/wp-json\/wp\/v2\/pages\/100\/revisions"}],"predecessor-version":[{"id":105,"href":"https:\/\/blogs.musikerohnegrenzen.de\/sophialoos\/wp-json\/wp\/v2\/pages\/100\/revisions\/105"}],"wp:attachment":[{"href":"https:\/\/blogs.musikerohnegrenzen.de\/sophialoos\/wp-json\/wp\/v2\/media?parent=100"}],"curies":[{"name":"wp","href":"https:\/\/api.w.org\/{rel}","templated":true}]}}