{"id":895,"date":"2017-02-10T22:24:15","date_gmt":"2017-02-10T20:24:15","guid":{"rendered":"http:\/\/naomiinecuador.musikerohnegrenzen.de\/?page_id=895"},"modified":"2017-02-10T22:24:15","modified_gmt":"2017-02-10T20:24:15","slug":"politik-und-gesellschaft","status":"publish","type":"page","link":"https:\/\/blogs.musikerohnegrenzen.de\/naomimebus\/politik-und-gesellschaft\/","title":{"rendered":"Politik und Gesellschaft"},"content":{"rendered":"<p>Unter diesem Unterpunkt findet ihr aktuelle Informationen zu den wichtigsten politischen und gesellschaftlichen Entwicklungen in Ecuador und anderen lateinamerikanischen L\u00e4ndern.<\/p>\n","protected":false},"excerpt":{"rendered":"<p>Unter diesem Unterpunkt findet ihr aktuelle Informationen zu den wichtigsten politischen und gesellschaftlichen Entwicklungen in Ecuador und anderen lateinamerikanischen L\u00e4ndern.<\/p>\n","protected":false},"author":4,"featured_media":0,"parent":0,"menu_order":0,"comment_status":"closed","ping_status":"closed","template":"","meta":{"ngg_post_thumbnail":0,"spay_email":""},"tags":[],"jetpack_shortlink":"https:\/\/wp.me\/P905Jg-er","jetpack-related-posts":[{"id":690,"url":"https:\/\/blogs.musikerohnegrenzen.de\/naomimebus\/","url_meta":{"origin":895,"position":0},"title":"\u00dcber mich","date":"29. August 2016","format":false,"excerpt":"Ich hei\u00dfe Naomi und bin inzwischen 20 Jahre alt. Im September 2014 bin ich das erste Mal mit Geige und Steiffmaus Piff\u00a0 im Gep\u00e4ck nach Ecuador gereist. Dort habe ich in einem Projekt von Musiker ohne Grenzen an der Musikschule Clave de Sur Geigenunterricht gegeben. Das Projekt befindet sich in\u2026","rel":"","context":"\u00c4hnlicher Beitrag","img":{"alt_text":"","src":"https:\/\/i0.wp.com\/blogs.musikerohnegrenzen.de\/naomimebus\/wp-content\/uploads\/sites\/4\/2016\/08\/IMG_0955.jpg?fit=1200%2C538&ssl=1&resize=350%2C200","width":350,"height":200},"classes":[]},{"id":2,"url":"https:\/\/blogs.musikerohnegrenzen.de\/naomimebus\/beispiel-seite\/","url_meta":{"origin":895,"position":1},"title":"Beispiel-Seite","date":"21. Juli 2017","format":false,"excerpt":"Dies ist ein Beispiel einer statischen Seite. Du kannst sie bearbeiten und beispielsweise Infos \u00fcber dich oder deine Website eingeben, damit die Leser wissen, woher du kommst und was du machst. Du kannst entweder beliebig viele Hauptseiten (wie diese hier) anlegen \u2013 oder auch Unterseiten, die sich in der Hierachiestruktur\u2026","rel":"","context":"\u00c4hnlicher Beitrag","img":{"alt_text":"","src":"","width":0,"height":0},"classes":[]},{"id":812,"url":"https:\/\/blogs.musikerohnegrenzen.de\/naomimebus\/beispiel-seite-2\/12-tipps-fuer-ecuadorreisende\/","url_meta":{"origin":895,"position":2},"title":"12 Tipps f\u00fcr Ecuadorreisende","date":"11. Oktober 2016","format":false,"excerpt":"1. Informiert euch weit im Voraus \u00fcber das Visum, das ihr bei eurer Reise ben\u00f6tigen werdet. Wenn ihr nur als Tourist einreisen wollt, k\u00f6nnt ihr einfach einreisen und 90 Tage visafrei von Ecuadors Sch\u00f6nheit profitieren. Es besteht auch die M\u00f6glichkeit das Visum vor Ort zu verl\u00e4ngern, wovon ich aber abraten\u2026","rel":"","context":"\u00c4hnlicher Beitrag","img":{"alt_text":"","src":"","width":0,"height":0},"classes":[]}],"jetpack_likes_enabled":true,"_links":{"self":[{"href":"https:\/\/blogs.musikerohnegrenzen.de\/naomimebus\/wp-json\/wp\/v2\/pages\/895"}],"collection":[{"href":"https:\/\/blogs.musikerohnegrenzen.de\/naomimebus\/wp-json\/wp\/v2\/pages"}],"about":[{"href":"https:\/\/blogs.musikerohnegrenzen.de\/naomimebus\/wp-json\/wp\/v2\/types\/page"}],"author":[{"embeddable":true,"href":"https:\/\/blogs.musikerohnegrenzen.de\/naomimebus\/wp-json\/wp\/v2\/users\/4"}],"replies":[{"embeddable":true,"href":"https:\/\/blogs.musikerohnegrenzen.de\/naomimebus\/wp-json\/wp\/v2\/comments?post=895"}],"version-history":[{"count":0,"href":"https:\/\/blogs.musikerohnegrenzen.de\/naomimebus\/wp-json\/wp\/v2\/pages\/895\/revisions"}],"wp:attachment":[{"href":"https:\/\/blogs.musikerohnegrenzen.de\/naomimebus\/wp-json\/wp\/v2\/media?parent=895"}],"wp:term":[{"taxonomy":"post_tag","embeddable":true,"href":"https:\/\/blogs.musikerohnegrenzen.de\/naomimebus\/wp-json\/wp\/v2\/tags?post=895"}],"curies":[{"name":"wp","href":"https:\/\/api.w.org\/{rel}","templated":true}]}}