{"id":722,"date":"2016-09-10T21:46:32","date_gmt":"2016-09-10T19:46:32","guid":{"rendered":"http:\/\/naomiinecuador.musikerohnegrenzen.de\/?page_id=722"},"modified":"2016-09-10T21:46:32","modified_gmt":"2016-09-10T19:46:32","slug":"videos","status":"publish","type":"page","link":"https:\/\/blogs.musikerohnegrenzen.de\/naomimebus\/videos\/","title":{"rendered":"Videos"},"content":{"rendered":"<p>Los Viol\u00ednes del Sur<\/p>\n<div class=\"embed-vimeo\" style=\"text-align: center;\"><iframe loading=\"lazy\" src=\"https:\/\/player.vimeo.com\/video\/186446799\" width=\"1180\" height=\"664\" frameborder=\"0\" webkitallowfullscreen mozallowfullscreen allowfullscreen><\/iframe><\/div>\n<p>Ecuador<\/p>\n<div class=\"embed-vimeo\" style=\"text-align: center;\"><iframe loading=\"lazy\" src=\"https:\/\/player.vimeo.com\/video\/182234474\" width=\"1180\" height=\"664\" frameborder=\"0\" webkitallowfullscreen mozallowfullscreen allowfullscreen><\/iframe><\/div>\n<p>Eindr\u00fccke des Jubil\u00e4umskonzerts von Clave de Sur<\/p>\n<div class=\"embed-vimeo\" style=\"text-align: center;\"><iframe loading=\"lazy\" src=\"https:\/\/player.vimeo.com\/video\/213209357\" width=\"1180\" height=\"664\" frameborder=\"0\" webkitallowfullscreen mozallowfullscreen allowfullscreen><\/iframe><\/div>\n","protected":false},"excerpt":{"rendered":"<p>Los Viol\u00ednes del Sur Ecuador Eindr\u00fccke des Jubil\u00e4umskonzerts von Clave de Sur<\/p>\n","protected":false},"author":4,"featured_media":713,"parent":0,"menu_order":0,"comment_status":"closed","ping_status":"closed","template":"","meta":{"ngg_post_thumbnail":0,"spay_email":""},"tags":[],"jetpack_shortlink":"https:\/\/wp.me\/P905Jg-bE","jetpack-related-posts":[{"id":690,"url":"https:\/\/blogs.musikerohnegrenzen.de\/naomimebus\/","url_meta":{"origin":722,"position":0},"title":"\u00dcber mich","date":"29. August 2016","format":false,"excerpt":"Ich hei\u00dfe Naomi und bin inzwischen 20 Jahre alt. Im September 2014 bin ich das erste Mal mit Geige und Steiffmaus Piff\u00a0 im Gep\u00e4ck nach Ecuador gereist. Dort habe ich in einem Projekt von Musiker ohne Grenzen an der Musikschule Clave de Sur Geigenunterricht gegeben. Das Projekt befindet sich in\u2026","rel":"","context":"\u00c4hnlicher Beitrag","img":{"alt_text":"","src":"https:\/\/i0.wp.com\/blogs.musikerohnegrenzen.de\/naomimebus\/wp-content\/uploads\/sites\/4\/2016\/08\/IMG_0955.jpg?fit=1200%2C538&ssl=1&resize=350%2C200","width":350,"height":200},"classes":[]}],"jetpack_likes_enabled":true,"_links":{"self":[{"href":"https:\/\/blogs.musikerohnegrenzen.de\/naomimebus\/wp-json\/wp\/v2\/pages\/722"}],"collection":[{"href":"https:\/\/blogs.musikerohnegrenzen.de\/naomimebus\/wp-json\/wp\/v2\/pages"}],"about":[{"href":"https:\/\/blogs.musikerohnegrenzen.de\/naomimebus\/wp-json\/wp\/v2\/types\/page"}],"author":[{"embeddable":true,"href":"https:\/\/blogs.musikerohnegrenzen.de\/naomimebus\/wp-json\/wp\/v2\/users\/4"}],"replies":[{"embeddable":true,"href":"https:\/\/blogs.musikerohnegrenzen.de\/naomimebus\/wp-json\/wp\/v2\/comments?post=722"}],"version-history":[{"count":0,"href":"https:\/\/blogs.musikerohnegrenzen.de\/naomimebus\/wp-json\/wp\/v2\/pages\/722\/revisions"}],"wp:featuredmedia":[{"embeddable":true,"href":"https:\/\/blogs.musikerohnegrenzen.de\/naomimebus\/wp-json\/wp\/v2\/media\/713"}],"wp:attachment":[{"href":"https:\/\/blogs.musikerohnegrenzen.de\/naomimebus\/wp-json\/wp\/v2\/media?parent=722"}],"wp:term":[{"taxonomy":"post_tag","embeddable":true,"href":"https:\/\/blogs.musikerohnegrenzen.de\/naomimebus\/wp-json\/wp\/v2\/tags?post=722"}],"curies":[{"name":"wp","href":"https:\/\/api.w.org\/{rel}","templated":true}]}}