{"id":26,"date":"2019-04-29T02:17:33","date_gmt":"2019-04-29T00:17:33","guid":{"rendered":"https:\/\/blogs.musikerohnegrenzen.de\/leamemming\/?page_id=26"},"modified":"2019-04-29T02:17:33","modified_gmt":"2019-04-29T00:17:33","slug":"ueber-mich","status":"publish","type":"page","link":"https:\/\/blogs.musikerohnegrenzen.de\/leamemming\/ueber-mich\/","title":{"rendered":"\u00dcber mich"},"content":{"rendered":"\n<p>Hola!<\/p>\n<p>mein Name ist Lea und ich bin 20 Jahre alt. Die n\u00e4chsten f\u00fcnf Monate werde ich in Playas verbringen und dort in dem Projekt &#8222;Ola Sinfonica&#8220; von Musiker ohne Grenzen Geigenunterricht geben.\u00a0<\/p>\n<p>Ich freue mich \u00fcber jeden der an meinen Erfahrungen interessiert ist und hoffe, dass ihr Euch durch meine Beitr\u00e4ge ein bisschen vorstellen k\u00f6nnt wie mein Leben am anderen Ende der Welt aussieht.<\/p>\n<p>Hasta pronto!<\/p>\n","protected":false},"excerpt":{"rendered":"<p>Hola! mein Name ist Lea und ich bin 20 Jahre alt. Die n\u00e4chsten f\u00fcnf Monate werde ich in Playas verbringen und dort in dem Projekt &#8222;Ola Sinfonica&#8220; von Musiker ohne Grenzen Geigenunterricht geben.\u00a0 Ich freue mich \u00fcber jeden der an meinen Erfahrungen interessiert ist und hoffe, dass ihr Euch durch meine Beitr\u00e4ge ein bisschen vorstellen<a class=\"read-more \" href=\"https:\/\/blogs.musikerohnegrenzen.de\/leamemming\/ueber-mich\/\" title=\"Read More\"> <span class=\"button default\">Read More<\/span><\/a><\/p>\n","protected":false},"author":44,"featured_media":0,"parent":0,"menu_order":0,"comment_status":"closed","ping_status":"closed","template":"","meta":{"ngg_post_thumbnail":0},"_links":{"self":[{"href":"https:\/\/blogs.musikerohnegrenzen.de\/leamemming\/wp-json\/wp\/v2\/pages\/26"}],"collection":[{"href":"https:\/\/blogs.musikerohnegrenzen.de\/leamemming\/wp-json\/wp\/v2\/pages"}],"about":[{"href":"https:\/\/blogs.musikerohnegrenzen.de\/leamemming\/wp-json\/wp\/v2\/types\/page"}],"author":[{"embeddable":true,"href":"https:\/\/blogs.musikerohnegrenzen.de\/leamemming\/wp-json\/wp\/v2\/users\/44"}],"replies":[{"embeddable":true,"href":"https:\/\/blogs.musikerohnegrenzen.de\/leamemming\/wp-json\/wp\/v2\/comments?post=26"}],"version-history":[{"count":2,"href":"https:\/\/blogs.musikerohnegrenzen.de\/leamemming\/wp-json\/wp\/v2\/pages\/26\/revisions"}],"predecessor-version":[{"id":32,"href":"https:\/\/blogs.musikerohnegrenzen.de\/leamemming\/wp-json\/wp\/v2\/pages\/26\/revisions\/32"}],"wp:attachment":[{"href":"https:\/\/blogs.musikerohnegrenzen.de\/leamemming\/wp-json\/wp\/v2\/media?parent=26"}],"curies":[{"name":"wp","href":"https:\/\/api.w.org\/{rel}","templated":true}]}}