{"id":407,"date":"2019-04-23T14:19:17","date_gmt":"2019-04-23T12:19:17","guid":{"rendered":"https:\/\/blogs.musikerohnegrenzen.de\/johannesprobst\/?page_id=407"},"modified":"2019-04-23T14:24:05","modified_gmt":"2019-04-23T12:24:05","slug":"ueber-diesen-blog","status":"publish","type":"page","link":"https:\/\/blogs.musikerohnegrenzen.de\/johannesprobst\/ueber-diesen-blog\/","title":{"rendered":"\u00dcber diesen Blog"},"content":{"rendered":"\n<p>Im Schuljahr 2015\/16 gaben Lisa Zedler (Fl\u00f6te), Sofie Steffens (Cello, Chor), Elena Siegrist (Cello, Klavier) und Johannes Probst (Geige) als Freiwillige von Musiker ohne Grenzen e.V. Musikunterricht in Accra, Ghana. Sie berichteten in diesem Blog von ihren Erlebnissen.<\/p>\n<p>Seit ihrer R\u00fcckkehr engagieren sich die vier weiterhin f\u00fcr MoG. Sie geh\u00f6ren zu den Gr\u00fcndungsmitgliedern des neuen Vereins &#8222;Musiker ohne Grenzen &#8211; Accra e.V.&#8220; unter dem Dach von Musiker ohne Grenzen, der aus dem AK Ghana hervorging. Sie beteiligen sich an Vorstandsarbeit, Mentoring, Vorbereitungsseminaren und Infotreffen.<\/p>\n<p>Aktuelle Informationen zum Projekt gibt es unter <br><a href=\"https:\/\/accra.musikerohnegrenzen.de\/\">https:\/\/accra.musikerohnegrenzen.de\/<\/a><br>und auf Facebook: <a href=\"https:\/\/www.facebook.com\/musikerohnegrenzen.accra\/\">https:\/\/www.facebook.com\/musikerohnegrenzen.accra\/<\/a><\/p>\n<p>Vielen Dank f\u00fcr Ihr und Euer Interesse!<\/p>\n","protected":false},"excerpt":{"rendered":"<p>Im Schuljahr 2015\/16 gaben Lisa Zedler (Fl\u00f6te), Sofie Steffens (Cello, Chor), Elena Siegrist (Cello, Klavier) und Johannes Probst (Geige) als Freiwillige von Musiker ohne Grenzen e.V. Musikunterricht in Accra, Ghana. Sie berichteten in diesem Blog von ihren Erlebnissen. Seit ihrer R\u00fcckkehr engagieren sich die vier weiterhin f\u00fcr MoG. Sie geh\u00f6ren zu den Gr\u00fcndungsmitgliedern des neuen [&hellip;]<\/p>\n","protected":false},"author":27,"featured_media":0,"parent":0,"menu_order":0,"comment_status":"closed","ping_status":"closed","template":"","meta":{"ngg_post_thumbnail":0},"_links":{"self":[{"href":"https:\/\/blogs.musikerohnegrenzen.de\/johannesprobst\/wp-json\/wp\/v2\/pages\/407"}],"collection":[{"href":"https:\/\/blogs.musikerohnegrenzen.de\/johannesprobst\/wp-json\/wp\/v2\/pages"}],"about":[{"href":"https:\/\/blogs.musikerohnegrenzen.de\/johannesprobst\/wp-json\/wp\/v2\/types\/page"}],"author":[{"embeddable":true,"href":"https:\/\/blogs.musikerohnegrenzen.de\/johannesprobst\/wp-json\/wp\/v2\/users\/27"}],"replies":[{"embeddable":true,"href":"https:\/\/blogs.musikerohnegrenzen.de\/johannesprobst\/wp-json\/wp\/v2\/comments?post=407"}],"version-history":[{"count":2,"href":"https:\/\/blogs.musikerohnegrenzen.de\/johannesprobst\/wp-json\/wp\/v2\/pages\/407\/revisions"}],"predecessor-version":[{"id":411,"href":"https:\/\/blogs.musikerohnegrenzen.de\/johannesprobst\/wp-json\/wp\/v2\/pages\/407\/revisions\/411"}],"wp:attachment":[{"href":"https:\/\/blogs.musikerohnegrenzen.de\/johannesprobst\/wp-json\/wp\/v2\/media?parent=407"}],"curies":[{"name":"wp","href":"https:\/\/api.w.org\/{rel}","templated":true}]}}