{"id":376,"date":"2017-11-09T06:33:55","date_gmt":"2017-11-09T05:33:55","guid":{"rendered":"https:\/\/blogs.musikerohnegrenzen.de\/constantinsiebert\/?page_id=376"},"modified":"2017-12-14T04:46:45","modified_gmt":"2017-12-14T03:46:45","slug":"ueber-musiker-ohne-grenzen","status":"publish","type":"page","link":"https:\/\/blogs.musikerohnegrenzen.de\/constantinsiebert\/ueber-musiker-ohne-grenzen\/","title":{"rendered":"\u00dcber Musiker ohne Grenzen"},"content":{"rendered":"<div class=\"entry-content clearfix\">\n<p><img data-attachment-id=\"377\" data-permalink=\"https:\/\/blogs.musikerohnegrenzen.de\/constantinsiebert\/ueber-musiker-ohne-grenzen\/header-2\/\" data-orig-file=\"https:\/\/i0.wp.com\/blogs.musikerohnegrenzen.de\/constantinsiebert\/wp-content\/uploads\/sites\/31\/2017\/11\/header.png?fit=700%2C100&amp;ssl=1\" data-orig-size=\"700,100\" data-comments-opened=\"1\" data-image-meta=\"{&quot;aperture&quot;:&quot;0&quot;,&quot;credit&quot;:&quot;&quot;,&quot;camera&quot;:&quot;&quot;,&quot;caption&quot;:&quot;&quot;,&quot;created_timestamp&quot;:&quot;0&quot;,&quot;copyright&quot;:&quot;&quot;,&quot;focal_length&quot;:&quot;0&quot;,&quot;iso&quot;:&quot;0&quot;,&quot;shutter_speed&quot;:&quot;0&quot;,&quot;title&quot;:&quot;&quot;,&quot;orientation&quot;:&quot;0&quot;}\" data-image-title=\"header\" data-image-description=\"\" data-image-caption=\"\" data-medium-file=\"https:\/\/i0.wp.com\/blogs.musikerohnegrenzen.de\/constantinsiebert\/wp-content\/uploads\/sites\/31\/2017\/11\/header.png?fit=300%2C43&amp;ssl=1\" data-large-file=\"https:\/\/i0.wp.com\/blogs.musikerohnegrenzen.de\/constantinsiebert\/wp-content\/uploads\/sites\/31\/2017\/11\/header.png?fit=680%2C97&amp;ssl=1\" loading=\"lazy\" class=\"size-full wp-image-377 aligncenter\" src=\"https:\/\/i0.wp.com\/blogs.musikerohnegrenzen.de\/constantinsiebert\/wp-content\/uploads\/sites\/31\/2017\/11\/header.png?resize=680%2C97&#038;ssl=1\" alt=\"\" width=\"680\" height=\"97\" srcset=\"https:\/\/i0.wp.com\/blogs.musikerohnegrenzen.de\/constantinsiebert\/wp-content\/uploads\/sites\/31\/2017\/11\/header.png?w=700&amp;ssl=1 700w, https:\/\/i0.wp.com\/blogs.musikerohnegrenzen.de\/constantinsiebert\/wp-content\/uploads\/sites\/31\/2017\/11\/header.png?resize=300%2C43&amp;ssl=1 300w\" sizes=\"(max-width: 680px) 100vw, 680px\" data-recalc-dims=\"1\" \/>Musiker ohne Grenzen begr\u00fcndet ein weltweites Netzwerk kreativer Musikprojekte, um Menschen einander n\u00e4her zu bringen und ihnen unabh\u00e4ngig von ihrer Lebenssituation einen Zugang zur Musik zu erm\u00f6glichen.<br \/>\nWir vermitteln MusikerInnen und Sachspenden, welche die Projekte in ihrer Arbeit unterst\u00fctzen.<br \/>\nMithilfe der Musik verbessern wir die Lebenswirklichkeit in sozialen Brennpunkten: Die Musik ebnet den Weg zur Selbstverwirklichung und ist ein Medium, sich selbst auszudr\u00fccken sowie die eigene Realit\u00e4t zu artikulieren.<br \/>\nDurch die musikalische Arbeit bieten wir Alternativen zu einer kriminellen Karriere und dem sozialen Abseits.<br \/>\nUnsere Arbeit sensibilisiert alle Beteiligten stark f\u00fcr das Thema sozialer Verantwortung.<br \/>\nIn diesem Prozess werden wir selbst zu Lernenden \u2013 und unsere Sch\u00fcler zu Lehrern.<\/p>\n<p>Musiker ohne Grenzen lebt durch das Engagement einer gro\u00dfen Gemeinschaft. F\u00fcr die Finanzierung ist das Projekt auf die Unterst\u00fctzung von Spenden, F\u00f6rderern und Stiftungen angewiesen.<code><\/code><\/p>\n<p>Zur Spendenseite des Projekts in Guayaquil geht es hier:<\/p>\n<p><a title=\"Jetzt spenden f\u00fcr \u201eMusikschule in Ecuador ben\u00f6tigt Ihre Spende!\u201c auf betterplace.org!\" href=\"https:\/\/www.betterplace.org\/de\/projects\/7132-musikschule-in-ecuador-benotigt-ihre-spende\/donations\/new?utm_campaign=donate_btn&amp;utm_content=project%237132&amp;utm_medium=external_banner&amp;utm_source=projects\" target=\"_blank\" rel=\"noopener\"><img loading=\"lazy\" class=\"aligncenter\" src=\"https:\/\/i0.wp.com\/asset1.betterplace.org\/static-images\/projects\/donation-button-de.png?resize=160%2C100&#038;ssl=1\" alt=\"Jetzt Spenden! Das Spendenformular wird von betterplace.org bereit gestellt.\" width=\"160\" height=\"100\"  data-recalc-dims=\"1\"><\/a><\/p>\n<h2 style=\"text-align: left\">Vision<\/h2>\n<\/div>\n<div class=\"entry-content clearfix\">\n<p>Wir glauben an die Kraft der Musik. Wenn das Leben beeinflusst wird von h\u00e4uslicher Gewalt, von Korruption, von Hunger und unzureichender Sicherstellung menschlicher Grundbed\u00fcrfnisse, kann Musik ein Motor sein, eine Welt zu schaffen, in der Grundbed\u00fcrfnisse befriedigt und Lebensmut gefasst&nbsp;wird.<\/p>\n<p>Musik stillt zwar keinen Hunger, aber sie ist Grundnahrungsmittel f\u00fcr die Seele.<br \/>\nMusik sch\u00fctzt nicht vor Schl\u00e4gen, doch heilt sie Wunden.<br \/>\nMusik ist keine Sprache, doch kann sich jede\/r durch sie ausdr\u00fccken.<br \/>\nMusik schafft keinen Weltfrieden, doch baut sie Br\u00fccken zwischen Kulturen.<\/p>\n<p>Kurz: Musik \u00fcberwindet Grenzen.<\/p>\n<p>Musiker ohne Grenzen m\u00f6chte Kindern, Jugendlichen und Erwachsenen in weltweiten Projekten das Erlernen eines Instrumentes erm\u00f6glichen und durch die Kraft der Musik sozialen Wandel ansto\u00dfen.<strong><code><\/code><\/strong><\/p>\n<h2 style=\"text-align: left\">Leitbild<\/h2>\n<p>Wir arbeiten auf Augenh\u00f6he und sto\u00dfen nachhaltige Entwicklungen an.<br \/>\nWir respektieren andere Kulturen. Wir lernen von ihnen.<br \/>\nWir bewahren und f\u00f6rdern Identit\u00e4ten.<br \/>\nWir nehmen an.<br \/>\nWir leben mit und bei den Sch\u00fclerInnen.<br \/>\nWir motivieren Sch\u00fclerInnen ihrerseits zu Lehrenden zu werden.<br \/>\nWir handeln nach dem Leitmotiv der Hochschule f\u00fcr Musik und Theater Hamburg \u201eK\u00fcnstlerische Exzellenz in gesellschaftlicher Verantwortung\u201c.<\/p>\n<p style=\"text-align: right\">\n[Quelle: http:\/\/musikerohnegrenzen.de\/uberuns\/vision\/]<\/p>\n<\/div>\n","protected":false},"excerpt":{"rendered":"<p>Musiker ohne Grenzen begr\u00fcndet ein weltweites Netzwerk kreativer Musikprojekte, um Menschen einander n\u00e4her zu bringen und ihnen unabh\u00e4ngig von ihrer Lebenssituation einen Zugang zur Musik zu erm\u00f6glichen. Wir vermitteln MusikerInnen und Sachspenden, welche die Projekte in ihrer Arbeit unterst\u00fctzen. Mithilfe &hellip; <a href=\"https:\/\/blogs.musikerohnegrenzen.de\/constantinsiebert\/ueber-musiker-ohne-grenzen\/\">Weiterlesen <span class=\"meta-nav\">&rarr;<\/span><\/a><\/p>\n","protected":false},"author":36,"featured_media":0,"parent":0,"menu_order":0,"comment_status":"closed","ping_status":"closed","template":"","meta":{"ngg_post_thumbnail":0,"spay_email":""},"jetpack_sharing_enabled":true,"jetpack_shortlink":"https:\/\/wp.me\/P9hKNZ-64","jetpack_likes_enabled":true,"jetpack-related-posts":[{"id":270,"url":"https:\/\/blogs.musikerohnegrenzen.de\/constantinsiebert\/featured-blogs-presented-by-cons\/","url_meta":{"origin":376,"position":0},"title":"Featured Blogs &#8211; presented by Cons","date":"27. Oktober 2017","format":false,"excerpt":"Viele gleichalterige Freunde, die jetzt nach dem Abi die Welt und sich selbst finden wollen, aber genauso coole Oldies (old but still rippin' hard) sind auch digital unterwegs. Die folgenden Blogs kann ich nur w\u00e4rmstens empfehlen: (ohne R\u00fccksicht auf eine Reihenfolge) Trumpet goes wild Simon, ein Freiwilliger von Musiker ohne\u2026","rel":"","context":"\u00c4hnlicher Beitrag","img":{"alt_text":"","src":"https:\/\/i2.wp.com\/blogs.musikerohnegrenzen.de\/constantinsiebert\/wp-content\/uploads\/sites\/31\/2017\/10\/header2.png?resize=350%2C200&ssl=1","width":350,"height":200},"classes":[]},{"id":19,"url":"https:\/\/blogs.musikerohnegrenzen.de\/constantinsiebert\/cons\/","url_meta":{"origin":376,"position":1},"title":"\u00dcber Cons","date":"11. Oktober 2017","format":false,"excerpt":"Cons ist ein neunzehnj\u00e4hriger Weltenbummler mit musikalischen Neigungen. Diese beiden Aspekte sieht er bei dem Verein Musiker ohne Grenzen (MoG) vereint und deshalb macht er jetzt f\u00fcr ein halbes Jahr einen musikalischen Freiwilligendienst in Ecuador, genauer Guayaquil. Er gibt dort in einem \u00e4rmlichen Viertel, Guasmo Sur, in der Musikschule Clave\u2026","rel":"","context":"\u00c4hnlicher Beitrag","img":{"alt_text":"","src":"https:\/\/i0.wp.com\/blogs.musikerohnegrenzen.de\/constantinsiebert\/wp-content\/uploads\/sites\/31\/2017\/10\/DSC00027-2.jpg?fit=300%2C353&ssl=1&resize=350%2C200","width":350,"height":200},"classes":[]}],"_links":{"self":[{"href":"https:\/\/blogs.musikerohnegrenzen.de\/constantinsiebert\/wp-json\/wp\/v2\/pages\/376"}],"collection":[{"href":"https:\/\/blogs.musikerohnegrenzen.de\/constantinsiebert\/wp-json\/wp\/v2\/pages"}],"about":[{"href":"https:\/\/blogs.musikerohnegrenzen.de\/constantinsiebert\/wp-json\/wp\/v2\/types\/page"}],"author":[{"embeddable":true,"href":"https:\/\/blogs.musikerohnegrenzen.de\/constantinsiebert\/wp-json\/wp\/v2\/users\/36"}],"replies":[{"embeddable":true,"href":"https:\/\/blogs.musikerohnegrenzen.de\/constantinsiebert\/wp-json\/wp\/v2\/comments?post=376"}],"version-history":[{"count":4,"href":"https:\/\/blogs.musikerohnegrenzen.de\/constantinsiebert\/wp-json\/wp\/v2\/pages\/376\/revisions"}],"predecessor-version":[{"id":731,"href":"https:\/\/blogs.musikerohnegrenzen.de\/constantinsiebert\/wp-json\/wp\/v2\/pages\/376\/revisions\/731"}],"wp:attachment":[{"href":"https:\/\/blogs.musikerohnegrenzen.de\/constantinsiebert\/wp-json\/wp\/v2\/media?parent=376"}],"curies":[{"name":"wp","href":"https:\/\/api.w.org\/{rel}","templated":true}]}}