{"id":19,"date":"2017-10-11T20:40:53","date_gmt":"2017-10-11T18:40:53","guid":{"rendered":"https:\/\/blogs.musikerohnegrenzen.de\/constantinsiebert\/?page_id=19"},"modified":"2017-12-25T13:51:26","modified_gmt":"2017-12-25T18:51:26","slug":"cons","status":"publish","type":"page","link":"https:\/\/blogs.musikerohnegrenzen.de\/constantinsiebert\/cons\/","title":{"rendered":"\u00dcber Cons"},"content":{"rendered":"<p style=\"text-align: justify\"><img data-attachment-id=\"20\" data-permalink=\"https:\/\/blogs.musikerohnegrenzen.de\/constantinsiebert\/cons\/dsc00027-2\/\" data-orig-file=\"https:\/\/i0.wp.com\/blogs.musikerohnegrenzen.de\/constantinsiebert\/wp-content\/uploads\/sites\/31\/2017\/10\/DSC00027-2.jpg?fit=300%2C353&amp;ssl=1\" data-orig-size=\"300,353\" data-comments-opened=\"1\" data-image-meta=\"{&quot;aperture&quot;:&quot;6.3&quot;,&quot;credit&quot;:&quot;&quot;,&quot;camera&quot;:&quot;SLT-A57&quot;,&quot;caption&quot;:&quot;&quot;,&quot;created_timestamp&quot;:&quot;1468155516&quot;,&quot;copyright&quot;:&quot;&quot;,&quot;focal_length&quot;:&quot;40&quot;,&quot;iso&quot;:&quot;100&quot;,&quot;shutter_speed&quot;:&quot;0.00625&quot;,&quot;title&quot;:&quot;&quot;,&quot;orientation&quot;:&quot;1&quot;}\" data-image-title=\"DSC00027 (2)\" data-image-description=\"\" data-image-caption=\"\" data-medium-file=\"https:\/\/i0.wp.com\/blogs.musikerohnegrenzen.de\/constantinsiebert\/wp-content\/uploads\/sites\/31\/2017\/10\/DSC00027-2.jpg?fit=255%2C300&amp;ssl=1\" data-large-file=\"https:\/\/i0.wp.com\/blogs.musikerohnegrenzen.de\/constantinsiebert\/wp-content\/uploads\/sites\/31\/2017\/10\/DSC00027-2.jpg?fit=300%2C353&amp;ssl=1\" loading=\"lazy\" class=\" wp-image-20 alignright\" src=\"https:\/\/i0.wp.com\/blogs.musikerohnegrenzen.de\/constantinsiebert\/wp-content\/uploads\/sites\/31\/2017\/10\/DSC00027-2.jpg?resize=150%2C177&#038;ssl=1\" alt=\"\" width=\"150\" height=\"177\" srcset=\"https:\/\/i0.wp.com\/blogs.musikerohnegrenzen.de\/constantinsiebert\/wp-content\/uploads\/sites\/31\/2017\/10\/DSC00027-2.jpg?resize=255%2C300&amp;ssl=1 255w, https:\/\/i0.wp.com\/blogs.musikerohnegrenzen.de\/constantinsiebert\/wp-content\/uploads\/sites\/31\/2017\/10\/DSC00027-2.jpg?w=300&amp;ssl=1 300w\" sizes=\"(max-width: 150px) 100vw, 150px\" data-recalc-dims=\"1\" \/>Cons ist ein neunzehnj\u00e4hriger Weltenbummler mit musikalischen Neigungen. Diese beiden Aspekte sieht er bei dem Verein <a href=\"http:\/\/musikerohnegrenzen.de\/\">Musiker ohne Grenzen<\/a> (MoG) vereint und deshalb macht er jetzt f\u00fcr ein halbes Jahr einen musikalischen Freiwilligendienst in Ecuador, genauer Guayaquil. Er gibt dort in einem \u00e4rmlichen Viertel, Guasmo Sur, in der Musikschule <a href=\"http:\/\/clavedesur.org\/\">Clave de Sur<\/a> Unterricht f\u00fcr Klavier, Horn bzw. Trompete (da muss er sich an die Nachfrage anpassen) und Gesang.<\/p>\n<p style=\"text-align: justify\">In diesem Blog wird er vom Alltag in der Gastfamilie, dem Unterrichten, den Unternehmungen an Wochenenden, der Reise, die er \u00fcber die Weihnachtsferien vorhat und vielen anderen Aktivit\u00e4ten berichten.<\/p>\n<p style=\"text-align: justify\">Der Blog ist f\u00fcr alle diejenigen geeignet, die sich in der Situation befinden, dass sie MoG interessant finden, aber noch einen lebensechten Erfahrungsbericht suchen, in der Cons auch steckte. Au\u00dferdem kann Cons so allen Bekannten und Verwandten erz\u00e4hlen, was er treibt, ohne 20 Nachrichten mit dem selben Inhalt zu schreiben&#8230;;)<\/p>\n<p style=\"text-align: justify\">Viel Freude beim Lesen!<\/p>\n<hr>\n<p style=\"text-align: justify\">Um Geld zu spenden, das direkt vor Ort in meinem Projekt in Guayaquil ankommt, klickt auf diesen Button:<a title=\"Jetzt spenden f\u00fcr \u201eMusikschule in Ecuador ben\u00f6tigt Ihre Spende!\u201c auf betterplace.org!\" href=\"https:\/\/www.betterplace.org\/de\/projects\/7132-musikschule-in-ecuador-benotigt-ihre-spende\/donations\/new?utm_campaign=donate_btn&amp;utm_content=project%237132&amp;utm_medium=external_banner&amp;utm_source=projects\" target=\"_blank\" rel=\"noopener\"><img loading=\"lazy\" class=\"aligncenter\" style=\"border: 0px\" src=\"https:\/\/i0.wp.com\/asset1.betterplace.org\/static-images\/projects\/donation-button-de.png?resize=160%2C100&#038;ssl=1\" alt=\"Jetzt Spenden! Das Spendenformular wird von betterplace.org bereit gestellt.\" width=\"160\" height=\"100\"  data-recalc-dims=\"1\"><\/a>&nbsp;<\/p>\n","protected":false},"excerpt":{"rendered":"<p>Cons ist ein neunzehnj\u00e4hriger Weltenbummler mit musikalischen Neigungen. Diese beiden Aspekte sieht er bei dem Verein Musiker ohne Grenzen (MoG) vereint und deshalb macht er jetzt f\u00fcr ein halbes Jahr einen musikalischen Freiwilligendienst in Ecuador, genauer Guayaquil. Er gibt dort &hellip; <a href=\"https:\/\/blogs.musikerohnegrenzen.de\/constantinsiebert\/cons\/\">Weiterlesen <span class=\"meta-nav\">&rarr;<\/span><\/a><\/p>\n","protected":false},"author":36,"featured_media":20,"parent":0,"menu_order":0,"comment_status":"closed","ping_status":"closed","template":"","meta":{"ngg_post_thumbnail":0,"spay_email":""},"jetpack_sharing_enabled":true,"jetpack_shortlink":"https:\/\/wp.me\/P9hKNZ-j","jetpack_likes_enabled":true,"jetpack-related-posts":[{"id":270,"url":"https:\/\/blogs.musikerohnegrenzen.de\/constantinsiebert\/featured-blogs-presented-by-cons\/","url_meta":{"origin":19,"position":0},"title":"Featured Blogs &#8211; presented by Cons","date":"27. Oktober 2017","format":false,"excerpt":"Viele gleichalterige Freunde, die jetzt nach dem Abi die Welt und sich selbst finden wollen, aber genauso coole Oldies (old but still rippin' hard) sind auch digital unterwegs. Die folgenden Blogs kann ich nur w\u00e4rmstens empfehlen: (ohne R\u00fccksicht auf eine Reihenfolge) Trumpet goes wild Simon, ein Freiwilliger von Musiker ohne\u2026","rel":"","context":"\u00c4hnlicher Beitrag","img":{"alt_text":"","src":"https:\/\/i2.wp.com\/blogs.musikerohnegrenzen.de\/constantinsiebert\/wp-content\/uploads\/sites\/31\/2017\/10\/header2.png?resize=350%2C200&ssl=1","width":350,"height":200},"classes":[]},{"id":376,"url":"https:\/\/blogs.musikerohnegrenzen.de\/constantinsiebert\/ueber-musiker-ohne-grenzen\/","url_meta":{"origin":19,"position":1},"title":"\u00dcber Musiker ohne Grenzen","date":"9. November 2017","format":false,"excerpt":"Musiker ohne Grenzen begr\u00fcndet ein weltweites Netzwerk kreativer Musikprojekte, um Menschen einander n\u00e4her zu bringen und ihnen unabh\u00e4ngig von ihrer Lebenssituation einen Zugang zur Musik zu erm\u00f6glichen. Wir vermitteln MusikerInnen und Sachspenden, welche die Projekte in ihrer Arbeit unterst\u00fctzen. Mithilfe der Musik verbessern wir die Lebenswirklichkeit in sozialen Brennpunkten: Die\u2026","rel":"","context":"\u00c4hnlicher Beitrag","img":{"alt_text":"","src":"","width":0,"height":0},"classes":[]}],"_links":{"self":[{"href":"https:\/\/blogs.musikerohnegrenzen.de\/constantinsiebert\/wp-json\/wp\/v2\/pages\/19"}],"collection":[{"href":"https:\/\/blogs.musikerohnegrenzen.de\/constantinsiebert\/wp-json\/wp\/v2\/pages"}],"about":[{"href":"https:\/\/blogs.musikerohnegrenzen.de\/constantinsiebert\/wp-json\/wp\/v2\/types\/page"}],"author":[{"embeddable":true,"href":"https:\/\/blogs.musikerohnegrenzen.de\/constantinsiebert\/wp-json\/wp\/v2\/users\/36"}],"replies":[{"embeddable":true,"href":"https:\/\/blogs.musikerohnegrenzen.de\/constantinsiebert\/wp-json\/wp\/v2\/comments?post=19"}],"version-history":[{"count":10,"href":"https:\/\/blogs.musikerohnegrenzen.de\/constantinsiebert\/wp-json\/wp\/v2\/pages\/19\/revisions"}],"predecessor-version":[{"id":910,"href":"https:\/\/blogs.musikerohnegrenzen.de\/constantinsiebert\/wp-json\/wp\/v2\/pages\/19\/revisions\/910"}],"wp:featuredmedia":[{"embeddable":true,"href":"https:\/\/blogs.musikerohnegrenzen.de\/constantinsiebert\/wp-json\/wp\/v2\/media\/20"}],"wp:attachment":[{"href":"https:\/\/blogs.musikerohnegrenzen.de\/constantinsiebert\/wp-json\/wp\/v2\/media?parent=19"}],"curies":[{"name":"wp","href":"https:\/\/api.w.org\/{rel}","templated":true}]}}