{"id":35,"date":"2018-01-01T22:58:09","date_gmt":"2018-01-01T21:58:09","guid":{"rendered":"https:\/\/blogs.musikerohnegrenzen.de\/claudiadanner\/?page_id=35"},"modified":"2018-04-04T07:26:31","modified_gmt":"2018-04-04T05:26:31","slug":"claude-kurz-vorgestellt","status":"publish","type":"page","link":"https:\/\/blogs.musikerohnegrenzen.de\/claudiadanner\/","title":{"rendered":"Claude kurz vorgestellt"},"content":{"rendered":"<p style=\"text-align: center\">Ich bin Claudia, auch Claude genannt, und begebe mich in naher Zukunft auf eine spannende Reise. Musiker ohne Grenzen macht es m\u00f6glich &#8211; 3 Monate lang darf ich im ber\u00fchmt ber\u00fcchtigten Trenchtown (Kingston) Musik unterrichten, darf also nicht nur meine Studienkenntnisse in die Tat umsetzen, sondern auch meinem Hobby fr\u00f6nen. Ich m\u00f6chte diesen Blog mit den Erlebnissen f\u00fcllen, die mich in den n\u00e4chsten 12 Wochen begleiten werden, und vielleicht auch dar\u00fcber hinaus. Warum dar\u00fcber ein Blog? Damit ich noch lauter mit dieser Reise angeben kann? Ich schreibe nicht, um meine kommenden Erfahrungen und Geschichten in den Himmel zu loben,&nbsp; sondern hoffe von Herzen, dass ich dem ein oder anderen Leser hiermit nicht nur ein Lebenszeichen von mir sende, sondern auch ein bisschen Sonne oder W\u00e4rme schicken, oder vielleicht ein bisschen Abenteuerlust oder Sehnsucht nach der Ferne erwecken kann. Ich bin mir au\u00dferdem recht sicher, dass Jamaika alles von mir bisher europ\u00e4isch Erlebte \u00fcberschreiten, oder einfach anders sein wird. Sicherlich wird es kulturelle Unterschiede geben, fremdes Essen, Ger\u00fcche. Das erste Mal in meinem Leben fahre ich in ein Land, in welchem ich offensichtlicher denn je dank heller Hautfarbe ein Ausl\u00e4nder bin. Dazu kommt noch, dass ich mit vielen Menschen unter einem Dach wohnen werde, auch spannend. Kurzum: ich nehm euch gewisserma\u00dfen mit, insofern ihr darauf Lust habt.<\/p>\n<p>Cheers!<\/p>\n<p>&nbsp;<\/p>\n","protected":false},"excerpt":{"rendered":"<p>Ich bin Claudia, auch Claude genannt, und begebe mich in naher Zukunft auf eine spannende Reise. Musiker ohne Grenzen macht es m\u00f6glich &#8211; 3 Monate lang darf ich im ber\u00fchmt ber\u00fcchtigten Trenchtown (Kingston) Musik unterrichten, darf also nicht nur meine Studienkenntnisse in die Tat umsetzen, sondern auch meinem Hobby fr\u00f6nen. Ich m\u00f6chte diesen Blog mit &hellip; <\/p>\n<p class=\"link-more\"><a href=\"https:\/\/blogs.musikerohnegrenzen.de\/claudiadanner\/\" class=\"more-link\"><span class=\"screen-reader-text\">\u201eClaude kurz vorgestellt\u201c<\/span> weiterlesen<\/a><\/p>\n","protected":false},"author":37,"featured_media":0,"parent":0,"menu_order":0,"comment_status":"closed","ping_status":"closed","template":"","meta":{"ngg_post_thumbnail":0},"_links":{"self":[{"href":"https:\/\/blogs.musikerohnegrenzen.de\/claudiadanner\/wp-json\/wp\/v2\/pages\/35"}],"collection":[{"href":"https:\/\/blogs.musikerohnegrenzen.de\/claudiadanner\/wp-json\/wp\/v2\/pages"}],"about":[{"href":"https:\/\/blogs.musikerohnegrenzen.de\/claudiadanner\/wp-json\/wp\/v2\/types\/page"}],"author":[{"embeddable":true,"href":"https:\/\/blogs.musikerohnegrenzen.de\/claudiadanner\/wp-json\/wp\/v2\/users\/37"}],"replies":[{"embeddable":true,"href":"https:\/\/blogs.musikerohnegrenzen.de\/claudiadanner\/wp-json\/wp\/v2\/comments?post=35"}],"version-history":[{"count":6,"href":"https:\/\/blogs.musikerohnegrenzen.de\/claudiadanner\/wp-json\/wp\/v2\/pages\/35\/revisions"}],"predecessor-version":[{"id":335,"href":"https:\/\/blogs.musikerohnegrenzen.de\/claudiadanner\/wp-json\/wp\/v2\/pages\/35\/revisions\/335"}],"wp:attachment":[{"href":"https:\/\/blogs.musikerohnegrenzen.de\/claudiadanner\/wp-json\/wp\/v2\/media?parent=35"}],"curies":[{"name":"wp","href":"https:\/\/api.w.org\/{rel}","templated":true}]}}